{"id":100,"date":"2024-05-08T15:13:45","date_gmt":"2024-05-08T15:13:45","guid":{"rendered":"https:\/\/mstreit.ch\/?page_id=100"},"modified":"2024-05-09T05:58:44","modified_gmt":"2024-05-09T05:58:44","slug":"basisplan-plus-10","status":"publish","type":"page","link":"https:\/\/mstreit.ch\/index.php\/basisplan-plus-10\/","title":{"rendered":"basisplan plus 10"},"content":{"rendered":"\n<h2 class=\"wp-block-heading\">basisplan plus 10<\/h2>\n\n\n\n<p class=\"has-medium-font-size\">zus\u00e4tzlich zum basisplan legen wir fest, in welchen zeitintervallen unser austausch stattfindet. wir k\u00f6nnen uns beispielsweise w\u00f6chentlich oder vierzehnt\u00e4glich treffen und einzelne einheiten gemeinsam absolvieren. es finden 10 treffen statt.<\/p>\n","protected":false},"excerpt":{"rendered":"<p>basisplan plus 10 zus\u00e4tzlich zum basisplan legen wir fest, in welchen zeitintervallen unser austausch stattfindet. wir k\u00f6nnen uns beispielsweise w\u00f6chentlich oder vierzehnt\u00e4glich treffen und einzelne einheiten gemeinsam absolvieren. es finden 10 treffen statt.<\/p>\n","protected":false},"author":1,"featured_media":0,"parent":0,"menu_order":0,"comment_status":"closed","ping_status":"closed","template":"","meta":{"_kad_post_transparent":"","_kad_post_title":"","_kad_post_layout":"","_kad_post_sidebar_id":"","_kad_post_content_style":"","_kad_post_vertical_padding":"","_kad_post_feature":"","_kad_post_feature_position":"","_kad_post_header":false,"_kad_post_footer":false,"_kad_post_classname":"","footnotes":""},"class_list":["post-100","page","type-page","status-publish","hentry"],"_links":{"self":[{"href":"https:\/\/mstreit.ch\/index.php\/wp-json\/wp\/v2\/pages\/100","targetHints":{"allow":["GET"]}}],"collection":[{"href":"https:\/\/mstreit.ch\/index.php\/wp-json\/wp\/v2\/pages"}],"about":[{"href":"https:\/\/mstreit.ch\/index.php\/wp-json\/wp\/v2\/types\/page"}],"author":[{"embeddable":true,"href":"https:\/\/mstreit.ch\/index.php\/wp-json\/wp\/v2\/users\/1"}],"replies":[{"embeddable":true,"href":"https:\/\/mstreit.ch\/index.php\/wp-json\/wp\/v2\/comments?post=100"}],"version-history":[{"count":3,"href":"https:\/\/mstreit.ch\/index.php\/wp-json\/wp\/v2\/pages\/100\/revisions"}],"predecessor-version":[{"id":174,"href":"https:\/\/mstreit.ch\/index.php\/wp-json\/wp\/v2\/pages\/100\/revisions\/174"}],"wp:attachment":[{"href":"https:\/\/mstreit.ch\/index.php\/wp-json\/wp\/v2\/media?parent=100"}],"curies":[{"name":"wp","href":"https:\/\/api.w.org\/{rel}","templated":true}]}}